{"id":23382,"date":"2018-02-20T10:58:30","date_gmt":"2018-02-20T03:58:30","guid":{"rendered":"https:\/\/www.ashtailorsamui.com\/mannermode\/"},"modified":"2019-10-05T13:40:32","modified_gmt":"2019-10-05T06:40:32","slug":"maennermode","status":"publish","type":"page","link":"https:\/\/www.ashtailorsamui.com\/de\/maennermode\/","title":{"rendered":"M\u00e4nnermode"},"content":{"rendered":"<section class=\"l-section wpb_row height_small\"><div class=\"l-section-h i-cf\"><div class=\"g-cols vc_row via_flex valign_top type_default stacking_default\"><div class=\"vc_col-sm-12 wpb_column vc_column_container\"><div class=\"vc_column-inner\"><div class=\"wpb_wrapper\"><div class=\"wpb_text_column\"><div class=\"wpb_wrapper\"><h1 class=\"spezh1\">Herrenanz\u00fcge, M\u00e4ntel, Tuxedo, Hemden<\/h1>\n<h2 class=\"spezh2\">M\u00e4nnermode<\/h2>\n<\/div><\/div><div class=\"wpb_text_column\"><div class=\"wpb_wrapper\"><h4>Wir machen verschiedene Stile von massgeschneiderten Anz\u00fcgen f\u00fcr M\u00e4nner.<\/h4>\n<p>Neben Anz\u00fcgen f\u00fcr M\u00e4nner, Smoking\u2019s und Jacken \u2013 das ist der gr\u00f6sste Teil davon \u2013 machen wir Hemden und M\u00e4ntel. Fragen Sie uns und erz\u00e4hlen Sie uns Ihre W\u00fcnsche, was Sie gerne haben wollen.<\/p>\n<p>Ash Tailor ber\u00e4t Sie in jeder Art von Faktoren, als Experte in Mode. Wir schlagen Ihnen den Stil von Kleidung, Stoffen und Anz\u00fcgen vor, welcher zu Ihnen passt und Ihre Bed\u00fcrfnisse abdeckt.<\/p>\n<p>Hier finden Sie eine Inspiration, was Sie von uns erwarten k\u00f6nnen.<\/p>\n<\/div><\/div><\/div><\/div><\/div><\/div><\/div><\/section><section class=\"l-section wpb_row height_small\"><div class=\"l-section-h i-cf\"><div class=\"g-cols vc_row via_flex valign_top type_default stacking_default\"><div class=\"vc_col-sm-12 wpb_column vc_column_container\"><div class=\"vc_column-inner\"><div class=\"wpb_wrapper\"><div class=\"wpb_text_column\"><div class=\"wpb_wrapper\"><h4 style=\"text-align: center;\">Lassen Sie sich inspirieren<\/h4>\n<\/div><\/div><div class=\"w-grid us_grid type_masonry layout_gallery_default cols_3 preload_style_spinner with_isotope\" id=\"us_grid_1\" style=\"--columns:3;\" data-filterable=\"true\"><style>@media (max-width:479px){#us_grid_1{--columns:2!important}}.layout_gallery_default .w-grid-item-h{}<\/style><div class=\"w-grid-list\">\t<article class=\"w-grid-item size_1x1 post-23004 attachment type-attachment status-inherit hentry\" data-id=\"23004\">\r\n\t\t<div class=\"w-grid-item-h\">\r\n\t\t\t\t\t\t\t<a ref=\"magnificPopupGrid\" href=\"https:\/\/www.ashtailorsamui.com\/wp-content\/uploads\/2017\/06\/croston-wedding-1432154-1918x1369.jpg\" class=\"w-grid-item-anchor\" aria-label=\"croston-wedding-1432154-1918&#215;1369\"><\/a>\r\n\t\t\t\t\t\t<div class=\"w-post-elm post_image usg_post_image_1 stretched\"><img loading=\"lazy\" decoding=\"async\" width=\"1024\" height=\"576\" src=\"https:\/\/www.ashtailorsamui.com\/wp-content\/uploads\/2017\/06\/croston-wedding-1432154-1918x1369-1024x576.jpg\" class=\"attachment-large size-large\" alt=\"\" srcset=\"https:\/\/www.ashtailorsamui.com\/wp-content\/uploads\/2017\/06\/croston-wedding-1432154-1918x1369.jpg 1024w, https:\/\/www.ashtailorsamui.com\/wp-content\/uploads\/2017\/06\/croston-wedding-1432154-1918x1369-300x169.jpg 300w, https:\/\/www.ashtailorsamui.com\/wp-content\/uploads\/2017\/06\/croston-wedding-1432154-1918x1369-768x432.jpg 768w\" sizes=\"auto, (max-width: 1024px) 100vw, 1024px\" \/><\/div>\t\t<\/div>\r\n\t\t\t<\/article>\r\n\t<article class=\"w-grid-item size_1x1 post-23003 attachment type-attachment status-inherit hentry\" data-id=\"23003\">\r\n\t\t<div class=\"w-grid-item-h\">\r\n\t\t\t\t\t\t\t<a ref=\"magnificPopupGrid\" href=\"https:\/\/www.ashtailorsamui.com\/wp-content\/uploads\/2017\/06\/2015-Mens-Suit-Fashion.jpg\" class=\"w-grid-item-anchor\" aria-label=\"2015-Mens-Suit-Fashion\"><\/a>\r\n\t\t\t\t\t\t<div class=\"w-post-elm post_image usg_post_image_1 stretched\"><img loading=\"lazy\" decoding=\"async\" width=\"577\" height=\"1024\" src=\"https:\/\/www.ashtailorsamui.com\/wp-content\/uploads\/2017\/06\/2015-Mens-Suit-Fashion-577x1024.jpg\" class=\"attachment-large size-large\" alt=\"\" srcset=\"https:\/\/www.ashtailorsamui.com\/wp-content\/uploads\/2017\/06\/2015-Mens-Suit-Fashion.jpg 577w, https:\/\/www.ashtailorsamui.com\/wp-content\/uploads\/2017\/06\/2015-Mens-Suit-Fashion-169x300.jpg 169w\" sizes=\"auto, (max-width: 577px) 100vw, 577px\" \/><\/div>\t\t<\/div>\r\n\t\t\t<\/article>\r\n\t<article class=\"w-grid-item size_1x1 post-23147 attachment type-attachment status-inherit hentry\" data-id=\"23147\">\r\n\t\t<div class=\"w-grid-item-h\">\r\n\t\t\t\t\t\t\t<a ref=\"magnificPopupGrid\" href=\"https:\/\/www.ashtailorsamui.com\/wp-content\/uploads\/2018\/02\/Tuxedo.jpg\" class=\"w-grid-item-anchor\" aria-label=\"Tuxedo\"><\/a>\r\n\t\t\t\t\t\t<div class=\"w-post-elm post_image usg_post_image_1 stretched\"><img loading=\"lazy\" decoding=\"async\" width=\"683\" height=\"1024\" src=\"https:\/\/www.ashtailorsamui.com\/wp-content\/uploads\/2018\/02\/Tuxedo-683x1024.jpg\" class=\"attachment-large size-large\" alt=\"\" srcset=\"https:\/\/www.ashtailorsamui.com\/wp-content\/uploads\/2018\/02\/Tuxedo.jpg 683w, https:\/\/www.ashtailorsamui.com\/wp-content\/uploads\/2018\/02\/Tuxedo-200x300.jpg 200w\" sizes=\"auto, (max-width: 683px) 100vw, 683px\" \/><\/div>\t\t<\/div>\r\n\t\t\t<\/article>\r\n\t<article class=\"w-grid-item size_1x1 post-23001 attachment type-attachment status-inherit hentry\" data-id=\"23001\">\r\n\t\t<div class=\"w-grid-item-h\">\r\n\t\t\t\t\t\t\t<a ref=\"magnificPopupGrid\" href=\"https:\/\/www.ashtailorsamui.com\/wp-content\/uploads\/2017\/06\/overcoat-street-style.jpg\" class=\"w-grid-item-anchor\" aria-label=\"overcoat-street-style\"><\/a>\r\n\t\t\t\t\t\t<div class=\"w-post-elm post_image usg_post_image_1 stretched\"><img loading=\"lazy\" decoding=\"async\" width=\"1024\" height=\"500\" src=\"https:\/\/www.ashtailorsamui.com\/wp-content\/uploads\/2017\/06\/overcoat-street-style-1024x500.jpg\" class=\"attachment-large size-large\" alt=\"\" srcset=\"https:\/\/www.ashtailorsamui.com\/wp-content\/uploads\/2017\/06\/overcoat-street-style.jpg 1024w, https:\/\/www.ashtailorsamui.com\/wp-content\/uploads\/2017\/06\/overcoat-street-style-300x146.jpg 300w, https:\/\/www.ashtailorsamui.com\/wp-content\/uploads\/2017\/06\/overcoat-street-style-768x375.jpg 768w\" sizes=\"auto, (max-width: 1024px) 100vw, 1024px\" \/><\/div>\t\t<\/div>\r\n\t\t\t<\/article>\r\n\t<article class=\"w-grid-item size_1x1 post-23263 attachment type-attachment status-inherit hentry\" data-id=\"23263\">\r\n\t\t<div class=\"w-grid-item-h\">\r\n\t\t\t\t\t\t\t<a ref=\"magnificPopupGrid\" href=\"https:\/\/www.ashtailorsamui.com\/wp-content\/uploads\/2018\/02\/wedding-1976546_19201.jpg\" class=\"w-grid-item-anchor\" aria-label=\"wedding-1976546_1920[1]\"><\/a>\r\n\t\t\t\t\t\t<div class=\"w-post-elm post_image usg_post_image_1 stretched\"><img loading=\"lazy\" decoding=\"async\" width=\"1024\" height=\"576\" src=\"https:\/\/www.ashtailorsamui.com\/wp-content\/uploads\/2018\/02\/wedding-1976546_19201-1024x576.jpg\" class=\"attachment-large size-large\" alt=\"\" srcset=\"https:\/\/www.ashtailorsamui.com\/wp-content\/uploads\/2018\/02\/wedding-1976546_19201-1024x576.jpg 1024w, https:\/\/www.ashtailorsamui.com\/wp-content\/uploads\/2018\/02\/wedding-1976546_19201-300x169.jpg 300w, https:\/\/www.ashtailorsamui.com\/wp-content\/uploads\/2018\/02\/wedding-1976546_19201-768x432.jpg 768w, https:\/\/www.ashtailorsamui.com\/wp-content\/uploads\/2018\/02\/wedding-1976546_19201.jpg 1280w\" sizes=\"auto, (max-width: 1024px) 100vw, 1024px\" \/><\/div>\t\t<\/div>\r\n\t\t\t<\/article>\r\n\t<article class=\"w-grid-item size_1x1 post-23146 attachment type-attachment status-inherit hentry\" data-id=\"23146\">\r\n\t\t<div class=\"w-grid-item-h\">\r\n\t\t\t\t\t\t\t<a ref=\"magnificPopupGrid\" href=\"https:\/\/www.ashtailorsamui.com\/wp-content\/uploads\/2018\/02\/Shirt.jpg\" class=\"w-grid-item-anchor\" aria-label=\"Shirt\"><\/a>\r\n\t\t\t\t\t\t<div class=\"w-post-elm post_image usg_post_image_1 stretched\"><img loading=\"lazy\" decoding=\"async\" width=\"1024\" height=\"576\" src=\"https:\/\/www.ashtailorsamui.com\/wp-content\/uploads\/2018\/02\/Shirt-1024x576.jpg\" class=\"attachment-large size-large\" alt=\"\" srcset=\"https:\/\/www.ashtailorsamui.com\/wp-content\/uploads\/2018\/02\/Shirt-1024x576.jpg 1024w, https:\/\/www.ashtailorsamui.com\/wp-content\/uploads\/2018\/02\/Shirt-300x169.jpg 300w, https:\/\/www.ashtailorsamui.com\/wp-content\/uploads\/2018\/02\/Shirt-768x432.jpg 768w, https:\/\/www.ashtailorsamui.com\/wp-content\/uploads\/2018\/02\/Shirt.jpg 1280w\" sizes=\"auto, (max-width: 1024px) 100vw, 1024px\" \/><\/div>\t\t<\/div>\r\n\t\t\t<\/article>\r\n\t<article class=\"w-grid-item size_1x1 post-23017 attachment type-attachment status-inherit hentry\" data-id=\"23017\">\r\n\t\t<div class=\"w-grid-item-h\">\r\n\t\t\t\t\t\t\t<a ref=\"magnificPopupGrid\" href=\"https:\/\/www.ashtailorsamui.com\/wp-content\/uploads\/2017\/06\/son-in-law-1050289_1280.jpg\" class=\"w-grid-item-anchor\" aria-label=\"Tuxedo\"><\/a>\r\n\t\t\t\t\t\t<div class=\"w-post-elm post_image usg_post_image_1 stretched\"><img loading=\"lazy\" decoding=\"async\" width=\"682\" height=\"1024\" src=\"https:\/\/www.ashtailorsamui.com\/wp-content\/uploads\/2017\/06\/son-in-law-1050289_1280-682x1024.jpg\" class=\"attachment-large size-large\" alt=\"\" srcset=\"https:\/\/www.ashtailorsamui.com\/wp-content\/uploads\/2017\/06\/son-in-law-1050289_1280-682x1024.jpg 682w, https:\/\/www.ashtailorsamui.com\/wp-content\/uploads\/2017\/06\/son-in-law-1050289_1280-200x300.jpg 200w, https:\/\/www.ashtailorsamui.com\/wp-content\/uploads\/2017\/06\/son-in-law-1050289_1280-768x1152.jpg 768w, https:\/\/www.ashtailorsamui.com\/wp-content\/uploads\/2017\/06\/son-in-law-1050289_1280.jpg 853w\" sizes=\"auto, (max-width: 682px) 100vw, 682px\" \/><\/div>\t\t<\/div>\r\n\t\t\t<\/article>\r\n\t<article class=\"w-grid-item size_1x1 post-23008 attachment type-attachment status-inherit hentry\" data-id=\"23008\">\r\n\t\t<div class=\"w-grid-item-h\">\r\n\t\t\t\t\t\t\t<a ref=\"magnificPopupGrid\" href=\"https:\/\/www.ashtailorsamui.com\/wp-content\/uploads\/2017\/06\/Man-and-Women.jpg\" class=\"w-grid-item-anchor\" aria-label=\"Man and Women\"><\/a>\r\n\t\t\t\t\t\t<div class=\"w-post-elm post_image usg_post_image_1 stretched\"><img loading=\"lazy\" decoding=\"async\" width=\"1024\" height=\"683\" src=\"https:\/\/www.ashtailorsamui.com\/wp-content\/uploads\/2017\/06\/Man-and-Women-1024x683.jpg\" class=\"attachment-large size-large\" alt=\"\" srcset=\"https:\/\/www.ashtailorsamui.com\/wp-content\/uploads\/2017\/06\/Man-and-Women.jpg 1024w, https:\/\/www.ashtailorsamui.com\/wp-content\/uploads\/2017\/06\/Man-and-Women-300x200.jpg 300w, https:\/\/www.ashtailorsamui.com\/wp-content\/uploads\/2017\/06\/Man-and-Women-768x512.jpg 768w\" sizes=\"auto, (max-width: 1024px) 100vw, 1024px\" \/><\/div>\t\t<\/div>\r\n\t\t\t<\/article>\r\n\t<article class=\"w-grid-item size_1x1 post-23010 attachment type-attachment status-inherit hentry\" data-id=\"23010\">\r\n\t\t<div class=\"w-grid-item-h\">\r\n\t\t\t\t\t\t\t<a ref=\"magnificPopupGrid\" href=\"https:\/\/www.ashtailorsamui.com\/wp-content\/uploads\/2017\/06\/men-1796551_1920.jpg\" class=\"w-grid-item-anchor\" aria-label=\"Wedding Suit\"><\/a>\r\n\t\t\t\t\t\t<div class=\"w-post-elm post_image usg_post_image_1 stretched\"><img loading=\"lazy\" decoding=\"async\" width=\"1024\" height=\"576\" src=\"https:\/\/www.ashtailorsamui.com\/wp-content\/uploads\/2017\/06\/men-1796551_1920-1024x576.jpg\" class=\"attachment-large size-large\" alt=\"\" srcset=\"https:\/\/www.ashtailorsamui.com\/wp-content\/uploads\/2017\/06\/men-1796551_1920-1024x576.jpg 1024w, https:\/\/www.ashtailorsamui.com\/wp-content\/uploads\/2017\/06\/men-1796551_1920-300x169.jpg 300w, https:\/\/www.ashtailorsamui.com\/wp-content\/uploads\/2017\/06\/men-1796551_1920-768x432.jpg 768w, https:\/\/www.ashtailorsamui.com\/wp-content\/uploads\/2017\/06\/men-1796551_1920.jpg 1280w\" sizes=\"auto, (max-width: 1024px) 100vw, 1024px\" \/><\/div>\t\t<\/div>\r\n\t\t\t<\/article>\r\n\t<article class=\"w-grid-item size_1x1 post-23000 attachment type-attachment status-inherit hentry\" data-id=\"23000\">\r\n\t\t<div class=\"w-grid-item-h\">\r\n\t\t\t\t\t\t\t<a ref=\"magnificPopupGrid\" href=\"https:\/\/www.ashtailorsamui.com\/wp-content\/uploads\/2017\/06\/men-shirt-with-vest.jpg\" class=\"w-grid-item-anchor\" aria-label=\"men-shirt-with-vest\"><\/a>\r\n\t\t\t\t\t\t<div class=\"w-post-elm post_image usg_post_image_1 stretched\"><img loading=\"lazy\" decoding=\"async\" width=\"1024\" height=\"500\" src=\"https:\/\/www.ashtailorsamui.com\/wp-content\/uploads\/2017\/06\/men-shirt-with-vest-1024x500.jpg\" class=\"attachment-large size-large\" alt=\"\" srcset=\"https:\/\/www.ashtailorsamui.com\/wp-content\/uploads\/2017\/06\/men-shirt-with-vest.jpg 1024w, https:\/\/www.ashtailorsamui.com\/wp-content\/uploads\/2017\/06\/men-shirt-with-vest-300x146.jpg 300w, https:\/\/www.ashtailorsamui.com\/wp-content\/uploads\/2017\/06\/men-shirt-with-vest-768x375.jpg 768w\" sizes=\"auto, (max-width: 1024px) 100vw, 1024px\" \/><\/div>\t\t<\/div>\r\n\t\t\t<\/article>\r\n<\/div>\t<div class=\"w-grid-preloader\">\r\n\t\t<div class=\"g-preloader type_1\">\r\n\t\t\t<div><\/div>\r\n\t\t<\/div>\r\n\t<\/div>\r\n\t\t<div class=\"w-grid-json hidden\" onclick='return {&quot;action&quot;:&quot;us_ajax_grid&quot;,&quot;infinite_scroll&quot;:0,&quot;max_num_pages&quot;:1,&quot;pagination&quot;:&quot;none&quot;,&quot;template_vars&quot;:{&quot;columns&quot;:&quot;3&quot;,&quot;exclude_items&quot;:&quot;none&quot;,&quot;img_size&quot;:&quot;large&quot;,&quot;ignore_items_size&quot;:0,&quot;items_layout&quot;:&quot;gallery_default&quot;,&quot;items_offset&quot;:&quot;1&quot;,&quot;load_animation&quot;:&quot;none&quot;,&quot;overriding_link&quot;:&quot;%7B%22type%22%3A%22popup_image%22%7D&quot;,&quot;post_id&quot;:0,&quot;query_args&quot;:{&quot;post_type&quot;:[&quot;attachment&quot;],&quot;post__in&quot;:[&quot;14049&quot;,&quot;14048&quot;,&quot;22914&quot;,&quot;14036&quot;,&quot;23261&quot;,&quot;22913&quot;,&quot;14070&quot;,&quot;14060&quot;,&quot;14062&quot;,&quot;14032&quot;],&quot;post_status&quot;:&quot;inherit&quot;,&quot;post_mime_type&quot;:&quot;image&quot;,&quot;posts_per_page&quot;:999},&quot;orderby_query_args&quot;:{&quot;orderby&quot;:{&quot;post__in&quot;:&quot;ASC&quot;},&quot;order&quot;:&quot;ASC&quot;},&quot;type&quot;:&quot;masonry&quot;,&quot;us_grid_post_type&quot;:&quot;attachment&quot;,&quot;us_grid_ajax_index&quot;:1,&quot;us_grid_filter_query_string&quot;:null,&quot;us_grid_index&quot;:1,&quot;page_args&quot;:[],&quot;lang&quot;:&quot;de&quot;}}'><\/div>\r\n\t<\/div><\/div><\/div><\/div><\/div><\/div><\/section>\n","protected":false},"excerpt":{"rendered":"","protected":false},"author":3,"featured_media":0,"parent":0,"menu_order":0,"comment_status":"closed","ping_status":"closed","template":"","meta":{"_acf_changed":false,"footnotes":""},"class_list":["post-23382","page","type-page","status-publish","hentry"],"acf":[],"yoast_head":"<!-- This site is optimized with the Yoast SEO plugin v27.6 - https:\/\/yoast.com\/product\/yoast-seo-wordpress\/ -->\n<title>Herrenmode - Qualit\u00e4tskleidung f\u00fcr unsere Kunden<\/title>\n<meta name=\"description\" content=\"Neben Anz\u00fcgen f\u00fcr Herren, Smoking und Jacken stellen wir auch Hemden und M\u00e4ntel her. Alle unsere Kleidungsst\u00fccke werden mit gr\u00f6sster Sorgfalt hergestellt.\" \/>\n<meta name=\"robots\" content=\"index, follow, max-snippet:-1, max-image-preview:large, max-video-preview:-1\" \/>\n<link rel=\"canonical\" href=\"https:\/\/www.ashtailorsamui.de\/mannermode\/\" \/>\n<meta property=\"og:locale\" content=\"de_DE\" \/>\n<meta property=\"og:type\" content=\"article\" \/>\n<meta property=\"og:title\" content=\"Herrenmode - Qualit\u00e4tskleidung f\u00fcr unsere Kunden\" \/>\n<meta property=\"og:description\" content=\"Neben Anz\u00fcgen f\u00fcr Herren, Smoking und Jacken stellen wir auch Hemden und M\u00e4ntel her. Alle unsere Kleidungsst\u00fccke werden mit gr\u00f6sster Sorgfalt hergestellt.\" \/>\n<meta property=\"og:url\" content=\"https:\/\/www.ashtailorsamui.de\/mannermode\/\" \/>\n<meta property=\"og:site_name\" content=\"Ash Tailor Samui\" \/>\n<meta property=\"article:publisher\" content=\"https:\/\/www.facebook.com\/ashtailorsamui777\/\" \/>\n<meta property=\"article:modified_time\" content=\"2019-10-05T06:40:32+00:00\" \/>\n<meta name=\"twitter:card\" content=\"summary_large_image\" \/>\n<meta name=\"twitter:label1\" content=\"Gesch\u00e4tzte Lesezeit\" \/>\n\t<meta name=\"twitter:data1\" content=\"1\u00a0Minute\" \/>\n<script type=\"application\/ld+json\" class=\"yoast-schema-graph\">{\"@context\":\"https:\\\/\\\/schema.org\",\"@graph\":[{\"@type\":\"WebPage\",\"@id\":\"https:\\\/\\\/www.ashtailorsamui.com\\\/de\\\/maennermode\\\/\",\"url\":\"https:\\\/\\\/www.ashtailorsamui.de\\\/mannermode\\\/\",\"name\":\"Herrenmode - Qualit\u00e4tskleidung f\u00fcr unsere Kunden\",\"isPartOf\":{\"@id\":\"https:\\\/\\\/www.ashtailorsamui.com\\\/de\\\/#website\"},\"datePublished\":\"2018-02-20T03:58:30+00:00\",\"dateModified\":\"2019-10-05T06:40:32+00:00\",\"description\":\"Neben Anz\u00fcgen f\u00fcr Herren, Smoking und Jacken stellen wir auch Hemden und M\u00e4ntel her. Alle unsere Kleidungsst\u00fccke werden mit gr\u00f6sster Sorgfalt hergestellt.\",\"breadcrumb\":{\"@id\":\"https:\\\/\\\/www.ashtailorsamui.de\\\/mannermode\\\/#breadcrumb\"},\"inLanguage\":\"de\",\"potentialAction\":[{\"@type\":\"ReadAction\",\"target\":[\"https:\\\/\\\/www.ashtailorsamui.de\\\/mannermode\\\/\"]}]},{\"@type\":\"BreadcrumbList\",\"@id\":\"https:\\\/\\\/www.ashtailorsamui.de\\\/mannermode\\\/#breadcrumb\",\"itemListElement\":[{\"@type\":\"ListItem\",\"position\":1,\"name\":\"Home\",\"item\":\"https:\\\/\\\/www.ashtailorsamui.com\\\/de\\\/\"},{\"@type\":\"ListItem\",\"position\":2,\"name\":\"M\u00e4nnermode\"}]},{\"@type\":\"WebSite\",\"@id\":\"https:\\\/\\\/www.ashtailorsamui.com\\\/de\\\/#website\",\"url\":\"https:\\\/\\\/www.ashtailorsamui.com\\\/de\\\/\",\"name\":\"Ash Tailor Samui\",\"description\":\"Tailor on Koh Samui\",\"publisher\":{\"@id\":\"https:\\\/\\\/www.ashtailorsamui.com\\\/de\\\/#organization\"},\"potentialAction\":[{\"@type\":\"SearchAction\",\"target\":{\"@type\":\"EntryPoint\",\"urlTemplate\":\"https:\\\/\\\/www.ashtailorsamui.com\\\/de\\\/?s={search_term_string}\"},\"query-input\":{\"@type\":\"PropertyValueSpecification\",\"valueRequired\":true,\"valueName\":\"search_term_string\"}}],\"inLanguage\":\"de\"},{\"@type\":\"Organization\",\"@id\":\"https:\\\/\\\/www.ashtailorsamui.com\\\/de\\\/#organization\",\"name\":\"Ash Tailor Samui\",\"url\":\"https:\\\/\\\/www.ashtailorsamui.com\\\/de\\\/\",\"logo\":{\"@type\":\"ImageObject\",\"inLanguage\":\"de\",\"@id\":\"https:\\\/\\\/www.ashtailorsamui.com\\\/de\\\/#\\\/schema\\\/logo\\\/image\\\/\",\"url\":\"https:\\\/\\\/www.ashtailorsamui.com\\\/wp-content\\\/uploads\\\/2018\\\/01\\\/logo-small1.png\",\"contentUrl\":\"https:\\\/\\\/www.ashtailorsamui.com\\\/wp-content\\\/uploads\\\/2018\\\/01\\\/logo-small1.png\",\"width\":90,\"height\":78,\"caption\":\"Ash Tailor Samui\"},\"image\":{\"@id\":\"https:\\\/\\\/www.ashtailorsamui.com\\\/de\\\/#\\\/schema\\\/logo\\\/image\\\/\"},\"sameAs\":[\"https:\\\/\\\/www.facebook.com\\\/ashtailorsamui777\\\/\",\"https:\\\/\\\/www.instagram.com\\\/ashtailorsamui\\\/\"]}]}<\/script>\n<!-- \/ Yoast SEO plugin. -->","yoast_head_json":{"title":"Herrenmode - Qualit\u00e4tskleidung f\u00fcr unsere Kunden","description":"Neben Anz\u00fcgen f\u00fcr Herren, Smoking und Jacken stellen wir auch Hemden und M\u00e4ntel her. Alle unsere Kleidungsst\u00fccke werden mit gr\u00f6sster Sorgfalt hergestellt.","robots":{"index":"index","follow":"follow","max-snippet":"max-snippet:-1","max-image-preview":"max-image-preview:large","max-video-preview":"max-video-preview:-1"},"canonical":"https:\/\/www.ashtailorsamui.de\/mannermode\/","og_locale":"de_DE","og_type":"article","og_title":"Herrenmode - Qualit\u00e4tskleidung f\u00fcr unsere Kunden","og_description":"Neben Anz\u00fcgen f\u00fcr Herren, Smoking und Jacken stellen wir auch Hemden und M\u00e4ntel her. Alle unsere Kleidungsst\u00fccke werden mit gr\u00f6sster Sorgfalt hergestellt.","og_url":"https:\/\/www.ashtailorsamui.de\/mannermode\/","og_site_name":"Ash Tailor Samui","article_publisher":"https:\/\/www.facebook.com\/ashtailorsamui777\/","article_modified_time":"2019-10-05T06:40:32+00:00","twitter_card":"summary_large_image","twitter_misc":{"Gesch\u00e4tzte Lesezeit":"1\u00a0Minute"},"schema":{"@context":"https:\/\/schema.org","@graph":[{"@type":"WebPage","@id":"https:\/\/www.ashtailorsamui.com\/de\/maennermode\/","url":"https:\/\/www.ashtailorsamui.de\/mannermode\/","name":"Herrenmode - Qualit\u00e4tskleidung f\u00fcr unsere Kunden","isPartOf":{"@id":"https:\/\/www.ashtailorsamui.com\/de\/#website"},"datePublished":"2018-02-20T03:58:30+00:00","dateModified":"2019-10-05T06:40:32+00:00","description":"Neben Anz\u00fcgen f\u00fcr Herren, Smoking und Jacken stellen wir auch Hemden und M\u00e4ntel her. Alle unsere Kleidungsst\u00fccke werden mit gr\u00f6sster Sorgfalt hergestellt.","breadcrumb":{"@id":"https:\/\/www.ashtailorsamui.de\/mannermode\/#breadcrumb"},"inLanguage":"de","potentialAction":[{"@type":"ReadAction","target":["https:\/\/www.ashtailorsamui.de\/mannermode\/"]}]},{"@type":"BreadcrumbList","@id":"https:\/\/www.ashtailorsamui.de\/mannermode\/#breadcrumb","itemListElement":[{"@type":"ListItem","position":1,"name":"Home","item":"https:\/\/www.ashtailorsamui.com\/de\/"},{"@type":"ListItem","position":2,"name":"M\u00e4nnermode"}]},{"@type":"WebSite","@id":"https:\/\/www.ashtailorsamui.com\/de\/#website","url":"https:\/\/www.ashtailorsamui.com\/de\/","name":"Ash Tailor Samui","description":"Tailor on Koh Samui","publisher":{"@id":"https:\/\/www.ashtailorsamui.com\/de\/#organization"},"potentialAction":[{"@type":"SearchAction","target":{"@type":"EntryPoint","urlTemplate":"https:\/\/www.ashtailorsamui.com\/de\/?s={search_term_string}"},"query-input":{"@type":"PropertyValueSpecification","valueRequired":true,"valueName":"search_term_string"}}],"inLanguage":"de"},{"@type":"Organization","@id":"https:\/\/www.ashtailorsamui.com\/de\/#organization","name":"Ash Tailor Samui","url":"https:\/\/www.ashtailorsamui.com\/de\/","logo":{"@type":"ImageObject","inLanguage":"de","@id":"https:\/\/www.ashtailorsamui.com\/de\/#\/schema\/logo\/image\/","url":"https:\/\/www.ashtailorsamui.com\/wp-content\/uploads\/2018\/01\/logo-small1.png","contentUrl":"https:\/\/www.ashtailorsamui.com\/wp-content\/uploads\/2018\/01\/logo-small1.png","width":90,"height":78,"caption":"Ash Tailor Samui"},"image":{"@id":"https:\/\/www.ashtailorsamui.com\/de\/#\/schema\/logo\/image\/"},"sameAs":["https:\/\/www.facebook.com\/ashtailorsamui777\/","https:\/\/www.instagram.com\/ashtailorsamui\/"]}]}},"_links":{"self":[{"href":"https:\/\/www.ashtailorsamui.com\/de\/wp-json\/wp\/v2\/pages\/23382","targetHints":{"allow":["GET"]}}],"collection":[{"href":"https:\/\/www.ashtailorsamui.com\/de\/wp-json\/wp\/v2\/pages"}],"about":[{"href":"https:\/\/www.ashtailorsamui.com\/de\/wp-json\/wp\/v2\/types\/page"}],"author":[{"embeddable":true,"href":"https:\/\/www.ashtailorsamui.com\/de\/wp-json\/wp\/v2\/users\/3"}],"replies":[{"embeddable":true,"href":"https:\/\/www.ashtailorsamui.com\/de\/wp-json\/wp\/v2\/comments?post=23382"}],"version-history":[{"count":0,"href":"https:\/\/www.ashtailorsamui.com\/de\/wp-json\/wp\/v2\/pages\/23382\/revisions"}],"wp:attachment":[{"href":"https:\/\/www.ashtailorsamui.com\/de\/wp-json\/wp\/v2\/media?parent=23382"}],"curies":[{"name":"wp","href":"https:\/\/api.w.org\/{rel}","templated":true}]}}